{"id":103,"date":"2022-12-14T12:29:38","date_gmt":"2022-12-14T12:29:38","guid":{"rendered":"https:\/\/stcncmachining.com\/?page_id=103"},"modified":"2023-03-29T07:33:11","modified_gmt":"2023-03-29T07:33:11","slug":"industries","status":"publish","type":"page","link":"https:\/\/stcncmachining.com\/fi\/industries\/","title":{"rendered":"Toimialat"},"content":{"rendered":"<div data-elementor-type=\"wp-page\" data-elementor-id=\"103\" class=\"elementor elementor-103\" data-elementor-post-type=\"page\">\n\t\t\t\t\t\t<section class=\"elementor-section elementor-top-section elementor-element elementor-element-1b69931d elementor-section-boxed elementor-section-height-default elementor-section-height-default\" data-id=\"1b69931d\" data-element_type=\"section\" data-settings=\"{&quot;background_background&quot;:&quot;classic&quot;}\">\n\t\t\t\t\t\t\t<div class=\"elementor-background-overlay\"><\/div>\n\t\t\t\t\t\t\t<div class=\"elementor-container elementor-column-gap-default\">\n\t\t\t\t\t<div class=\"elementor-column elementor-col-100 elementor-top-column elementor-element elementor-element-4f5800e7\" data-id=\"4f5800e7\" data-element_type=\"column\">\n\t\t\t<div class=\"elementor-widget-wrap elementor-element-populated\">\n\t\t\t\t\t\t<div class=\"elementor-element elementor-element-76283d6f elementor-widget elementor-widget-heading\" data-id=\"76283d6f\" data-element_type=\"widget\" data-widget_type=\"heading.default\">\n\t\t\t\t<div class=\"elementor-widget-container\">\n\t\t\t\t\t<h1 class=\"elementor-heading-title elementor-size-default\">Palvelemamme toimialat<\/h1>\t\t\t\t<\/div>\n\t\t\t\t<\/div>\n\t\t\t\t<section class=\"elementor-section elementor-inner-section elementor-element elementor-element-3f932dc4 elementor-section-boxed elementor-section-height-default elementor-section-height-default\" data-id=\"3f932dc4\" data-element_type=\"section\">\n\t\t\t\t\t\t<div class=\"elementor-container elementor-column-gap-default\">\n\t\t\t\t\t<div class=\"elementor-column elementor-col-100 elementor-inner-column elementor-element elementor-element-640cb622\" data-id=\"640cb622\" data-element_type=\"column\">\n\t\t\t<div class=\"elementor-widget-wrap elementor-element-populated\">\n\t\t\t\t\t\t<div class=\"elementor-element elementor-element-219ba26b elementor-widget elementor-widget-text-editor\" data-id=\"219ba26b\" data-element_type=\"widget\" data-widget_type=\"text-editor.default\">\n\t\t\t\t<div class=\"elementor-widget-container\">\n\t\t\t\t\t\t\t\t\t<p>STCNC tarjoaa t\u00e4yden valikoiman koneistusratkaisuja eri teollisuudenaloille ja on sitoutunut tarjoamaan asiakkaille korkealaatuisia, tiukkatoleranssin omaavia ja kohtuuhintaisia mittatilausosia.<\/p>\t\t\t\t\t\t\t\t<\/div>\n\t\t\t\t<\/div>\n\t\t\t\t\t<\/div>\n\t\t<\/div>\n\t\t\t\t\t<\/div>\n\t\t<\/section>\n\t\t\t\t\t<\/div>\n\t\t<\/div>\n\t\t\t\t\t<\/div>\n\t\t<\/section>\n\t\t\t\t<section class=\"elementor-section elementor-top-section elementor-element elementor-element-55d33b4 elementor-section-boxed elementor-section-height-default elementor-section-height-default\" data-id=\"55d33b4\" data-element_type=\"section\">\n\t\t\t\t\t\t<div class=\"elementor-container elementor-column-gap-default\">\n\t\t\t\t\t<div class=\"elementor-column elementor-col-100 elementor-top-column elementor-element elementor-element-cea6588\" data-id=\"cea6588\" data-element_type=\"column\">\n\t\t\t<div class=\"elementor-widget-wrap elementor-element-populated\">\n\t\t\t\t\t\t<section class=\"elementor-section elementor-inner-section elementor-element elementor-element-c8358ae elementor-section-boxed elementor-section-height-default elementor-section-height-default\" data-id=\"c8358ae\" data-element_type=\"section\">\n\t\t\t\t\t\t<div class=\"elementor-container elementor-column-gap-default\">\n\t\t\t\t\t<div class=\"elementor-column elementor-col-33 elementor-inner-column elementor-element elementor-element-9850154\" data-id=\"9850154\" data-element_type=\"column\">\n\t\t\t<div class=\"elementor-widget-wrap elementor-element-populated\">\n\t\t\t\t\t\t<div class=\"elementor-element elementor-element-bdc2416 elementor-widget elementor-widget-image\" data-id=\"bdc2416\" data-element_type=\"widget\" data-widget_type=\"image.default\">\n\t\t\t\t<div class=\"elementor-widget-container\">\n\t\t\t\t\t\t\t\t\t\t\t\t\t\t\t<img fetchpriority=\"high\" decoding=\"async\" width=\"500\" height=\"400\" src=\"https:\/\/stcncmachining.com\/wp-content\/uploads\/2023\/02\/Aerospace-Industries.jpg\" class=\"attachment-large size-large wp-image-8183\" alt=\"\" srcset=\"https:\/\/stcncmachining.com\/wp-content\/uploads\/2023\/02\/Aerospace-Industries.jpg 500w, https:\/\/stcncmachining.com\/wp-content\/uploads\/2023\/02\/Aerospace-Industries-300x240.jpg 300w\" sizes=\"(max-width: 500px) 100vw, 500px\" \/>\t\t\t\t\t\t\t\t\t\t\t\t\t\t\t<\/div>\n\t\t\t\t<\/div>\n\t\t\t\t<div class=\"elementor-element elementor-element-6c3bc8c elementor-widget elementor-widget-heading\" data-id=\"6c3bc8c\" data-element_type=\"widget\" data-widget_type=\"heading.default\">\n\t\t\t\t<div class=\"elementor-widget-container\">\n\t\t\t\t\t<h3 class=\"elementor-heading-title elementor-size-default\">Aeropspace<\/h3>\t\t\t\t<\/div>\n\t\t\t\t<\/div>\n\t\t\t\t<div class=\"elementor-element elementor-element-9efc2fe elementor-widget elementor-widget-text-editor\" data-id=\"9efc2fe\" data-element_type=\"widget\" data-widget_type=\"text-editor.default\">\n\t\t\t\t<div class=\"elementor-widget-container\">\n\t\t\t\t\t\t\t\t\t<p>STCNC valmistaa lentokoneiden muovi- ja metallikomponentteja, jotka t\u00e4ytt\u00e4v\u00e4t ilmailuteollisuuden standardit.<\/p>\t\t\t\t\t\t\t\t<\/div>\n\t\t\t\t<\/div>\n\t\t\t\t<div class=\"elementor-element elementor-element-256b365 elementor-view-default elementor-widget elementor-widget-icon\" data-id=\"256b365\" data-element_type=\"widget\" data-widget_type=\"icon.default\">\n\t\t\t\t<div class=\"elementor-widget-container\">\n\t\t\t\t\t\t\t<div class=\"elementor-icon-wrapper\">\n\t\t\t<a class=\"elementor-icon\" href=\"https:\/\/stcncmachining.com\/fi\/industries\/aerospace\/\">\n\t\t\t<i aria-hidden=\"true\" class=\"fas fa-arrow-right\"><\/i>\t\t\t<\/a>\n\t\t<\/div>\n\t\t\t\t\t\t<\/div>\n\t\t\t\t<\/div>\n\t\t\t\t\t<\/div>\n\t\t<\/div>\n\t\t\t\t<div class=\"elementor-column elementor-col-33 elementor-inner-column elementor-element elementor-element-9fe1e1b\" data-id=\"9fe1e1b\" data-element_type=\"column\">\n\t\t\t<div class=\"elementor-widget-wrap elementor-element-populated\">\n\t\t\t\t\t\t<div class=\"elementor-element elementor-element-21b1784 elementor-widget elementor-widget-image\" data-id=\"21b1784\" data-element_type=\"widget\" data-widget_type=\"image.default\">\n\t\t\t\t<div class=\"elementor-widget-container\">\n\t\t\t\t\t\t\t\t\t\t\t\t\t\t\t<img decoding=\"async\" width=\"500\" height=\"400\" src=\"https:\/\/stcncmachining.com\/wp-content\/uploads\/2023\/02\/Medical-Devices.jpg\" class=\"attachment-large size-large wp-image-8188\" alt=\"\" srcset=\"https:\/\/stcncmachining.com\/wp-content\/uploads\/2023\/02\/Medical-Devices.jpg 500w, https:\/\/stcncmachining.com\/wp-content\/uploads\/2023\/02\/Medical-Devices-300x240.jpg 300w\" sizes=\"(max-width: 500px) 100vw, 500px\" \/>\t\t\t\t\t\t\t\t\t\t\t\t\t\t\t<\/div>\n\t\t\t\t<\/div>\n\t\t\t\t<div class=\"elementor-element elementor-element-aeffae2 elementor-widget elementor-widget-heading\" data-id=\"aeffae2\" data-element_type=\"widget\" data-widget_type=\"heading.default\">\n\t\t\t\t<div class=\"elementor-widget-container\">\n\t\t\t\t\t<h3 class=\"elementor-heading-title elementor-size-default\">L\u00e4\u00e4kinn\u00e4lliset laitteet<\/h3>\t\t\t\t<\/div>\n\t\t\t\t<\/div>\n\t\t\t\t<div class=\"elementor-element elementor-element-b2218e7 elementor-widget elementor-widget-text-editor\" data-id=\"b2218e7\" data-element_type=\"widget\" data-widget_type=\"text-editor.default\">\n\t\t\t\t<div class=\"elementor-widget-container\">\n\t\t\t\t\t\t\t\t\t<p>STCNC:ll\u00e4 on runsaasti kokemusta l\u00e4\u00e4ketieteellisten komponenttien CNC-ty\u00f6st\u00f6st\u00e4, pienist\u00e4 tarkkuusosista aina laitteiden koteloihin.<\/p>\t\t\t\t\t\t\t\t<\/div>\n\t\t\t\t<\/div>\n\t\t\t\t<div class=\"elementor-element elementor-element-410eeeb elementor-view-default elementor-widget elementor-widget-icon\" data-id=\"410eeeb\" data-element_type=\"widget\" data-widget_type=\"icon.default\">\n\t\t\t\t<div class=\"elementor-widget-container\">\n\t\t\t\t\t\t\t<div class=\"elementor-icon-wrapper\">\n\t\t\t<a class=\"elementor-icon\" href=\"https:\/\/stcncmachining.com\/fi\/industries\/medical-devices\/\">\n\t\t\t<i aria-hidden=\"true\" class=\"fas fa-arrow-right\"><\/i>\t\t\t<\/a>\n\t\t<\/div>\n\t\t\t\t\t\t<\/div>\n\t\t\t\t<\/div>\n\t\t\t\t\t<\/div>\n\t\t<\/div>\n\t\t\t\t<div class=\"elementor-column elementor-col-33 elementor-inner-column elementor-element elementor-element-9638b46\" data-id=\"9638b46\" data-element_type=\"column\">\n\t\t\t<div class=\"elementor-widget-wrap elementor-element-populated\">\n\t\t\t\t\t\t<div class=\"elementor-element elementor-element-0486d31 elementor-widget elementor-widget-image\" data-id=\"0486d31\" data-element_type=\"widget\" data-widget_type=\"image.default\">\n\t\t\t\t<div class=\"elementor-widget-container\">\n\t\t\t\t\t\t\t\t\t\t\t\t\t\t\t<img decoding=\"async\" width=\"500\" height=\"400\" src=\"https:\/\/stcncmachining.com\/wp-content\/uploads\/2023\/02\/Automotive.jpg\" class=\"attachment-large size-large wp-image-8186\" alt=\"\" srcset=\"https:\/\/stcncmachining.com\/wp-content\/uploads\/2023\/02\/Automotive.jpg 500w, https:\/\/stcncmachining.com\/wp-content\/uploads\/2023\/02\/Automotive-300x240.jpg 300w\" sizes=\"(max-width: 500px) 100vw, 500px\" \/>\t\t\t\t\t\t\t\t\t\t\t\t\t\t\t<\/div>\n\t\t\t\t<\/div>\n\t\t\t\t<div class=\"elementor-element elementor-element-6000cfe elementor-widget elementor-widget-heading\" data-id=\"6000cfe\" data-element_type=\"widget\" data-widget_type=\"heading.default\">\n\t\t\t\t<div class=\"elementor-widget-container\">\n\t\t\t\t\t<h3 class=\"elementor-heading-title elementor-size-default\">Autoteollisuus<\/h3>\t\t\t\t<\/div>\n\t\t\t\t<\/div>\n\t\t\t\t<div class=\"elementor-element elementor-element-2aae509 elementor-widget elementor-widget-text-editor\" data-id=\"2aae509\" data-element_type=\"widget\" data-widget_type=\"text-editor.default\">\n\t\t\t\t<div class=\"elementor-widget-container\">\n\t\t\t\t\t\t\t\t\t<p>Autoteollisuuden osat ovat olleet yksi STCNC:n johtavista liiketoiminta-alueista, ja STCNC luottaa tekniseen kokemukseensa ja laadunhallintaj\u00e4rjestelmiins\u00e4.<\/p>\t\t\t\t\t\t\t\t<\/div>\n\t\t\t\t<\/div>\n\t\t\t\t<div class=\"elementor-element elementor-element-d9b305c elementor-view-default elementor-widget elementor-widget-icon\" data-id=\"d9b305c\" data-element_type=\"widget\" data-widget_type=\"icon.default\">\n\t\t\t\t<div class=\"elementor-widget-container\">\n\t\t\t\t\t\t\t<div class=\"elementor-icon-wrapper\">\n\t\t\t<a class=\"elementor-icon\" href=\"https:\/\/stcncmachining.com\/fi\/industries\/automotive\/\">\n\t\t\t<i aria-hidden=\"true\" class=\"fas fa-arrow-right\"><\/i>\t\t\t<\/a>\n\t\t<\/div>\n\t\t\t\t\t\t<\/div>\n\t\t\t\t<\/div>\n\t\t\t\t\t<\/div>\n\t\t<\/div>\n\t\t\t\t\t<\/div>\n\t\t<\/section>\n\t\t\t\t<section class=\"elementor-section elementor-inner-section elementor-element elementor-element-ad5787c elementor-section-boxed elementor-section-height-default elementor-section-height-default\" data-id=\"ad5787c\" data-element_type=\"section\">\n\t\t\t\t\t\t<div class=\"elementor-container elementor-column-gap-default\">\n\t\t\t\t\t<div class=\"elementor-column elementor-col-33 elementor-inner-column elementor-element elementor-element-a9b33e9\" data-id=\"a9b33e9\" data-element_type=\"column\">\n\t\t\t<div class=\"elementor-widget-wrap elementor-element-populated\">\n\t\t\t\t\t\t<div class=\"elementor-element elementor-element-98ae822 elementor-widget elementor-widget-image\" data-id=\"98ae822\" data-element_type=\"widget\" data-widget_type=\"image.default\">\n\t\t\t\t<div class=\"elementor-widget-container\">\n\t\t\t\t\t\t\t\t\t\t\t\t\t\t\t<img loading=\"lazy\" decoding=\"async\" width=\"500\" height=\"400\" src=\"https:\/\/stcncmachining.com\/wp-content\/uploads\/2023\/02\/Electronic-Parts.jpg\" class=\"attachment-large size-large wp-image-8187\" alt=\"\" srcset=\"https:\/\/stcncmachining.com\/wp-content\/uploads\/2023\/02\/Electronic-Parts.jpg 500w, https:\/\/stcncmachining.com\/wp-content\/uploads\/2023\/02\/Electronic-Parts-300x240.jpg 300w\" sizes=\"(max-width: 500px) 100vw, 500px\" \/>\t\t\t\t\t\t\t\t\t\t\t\t\t\t\t<\/div>\n\t\t\t\t<\/div>\n\t\t\t\t<div class=\"elementor-element elementor-element-b5113b0 elementor-widget elementor-widget-heading\" data-id=\"b5113b0\" data-element_type=\"widget\" data-widget_type=\"heading.default\">\n\t\t\t\t<div class=\"elementor-widget-container\">\n\t\t\t\t\t<h3 class=\"elementor-heading-title elementor-size-default\">Kulutustavarat<\/h3>\t\t\t\t<\/div>\n\t\t\t\t<\/div>\n\t\t\t\t<div class=\"elementor-element elementor-element-2cdd5c0 elementor-widget elementor-widget-text-editor\" data-id=\"2cdd5c0\" data-element_type=\"widget\" data-widget_type=\"text-editor.default\">\n\t\t\t\t<div class=\"elementor-widget-container\">\n\t\t\t\t\t\t\t\t\t<p>STCNC on valmistanut erilaisia komponentteja kuluttajatuotteisiin, kuten kameroihin, akustisiin laitteisiin, LED-valaisimiin ja muihin kulutuselektroniikan tarvikkeisiin, yhdest\u00e4 prototyyppisarjasta yli 10 000 kappaleeseen.<\/p>\t\t\t\t\t\t\t\t<\/div>\n\t\t\t\t<\/div>\n\t\t\t\t<div class=\"elementor-element elementor-element-3519955 elementor-view-default elementor-widget elementor-widget-icon\" data-id=\"3519955\" data-element_type=\"widget\" data-widget_type=\"icon.default\">\n\t\t\t\t<div class=\"elementor-widget-container\">\n\t\t\t\t\t\t\t<div class=\"elementor-icon-wrapper\">\n\t\t\t<a class=\"elementor-icon\" href=\"https:\/\/stcncmachining.com\/fi\/industries\/consumer-goods\/\">\n\t\t\t<i aria-hidden=\"true\" class=\"fas fa-arrow-right\"><\/i>\t\t\t<\/a>\n\t\t<\/div>\n\t\t\t\t\t\t<\/div>\n\t\t\t\t<\/div>\n\t\t\t\t\t<\/div>\n\t\t<\/div>\n\t\t\t\t<div class=\"elementor-column elementor-col-33 elementor-inner-column elementor-element elementor-element-51bcbc4\" data-id=\"51bcbc4\" data-element_type=\"column\">\n\t\t\t<div class=\"elementor-widget-wrap elementor-element-populated\">\n\t\t\t\t\t\t<div class=\"elementor-element elementor-element-b202a29 elementor-widget elementor-widget-image\" data-id=\"b202a29\" data-element_type=\"widget\" data-widget_type=\"image.default\">\n\t\t\t\t<div class=\"elementor-widget-container\">\n\t\t\t\t\t\t\t\t\t\t\t\t\t\t\t<img loading=\"lazy\" decoding=\"async\" width=\"500\" height=\"400\" src=\"https:\/\/stcncmachining.com\/wp-content\/uploads\/2023\/02\/Optical-Instruments-02.jpg\" class=\"attachment-large size-large wp-image-8189\" alt=\"\" srcset=\"https:\/\/stcncmachining.com\/wp-content\/uploads\/2023\/02\/Optical-Instruments-02.jpg 500w, https:\/\/stcncmachining.com\/wp-content\/uploads\/2023\/02\/Optical-Instruments-02-300x240.jpg 300w\" sizes=\"(max-width: 500px) 100vw, 500px\" \/>\t\t\t\t\t\t\t\t\t\t\t\t\t\t\t<\/div>\n\t\t\t\t<\/div>\n\t\t\t\t<div class=\"elementor-element elementor-element-271b658 elementor-widget elementor-widget-heading\" data-id=\"271b658\" data-element_type=\"widget\" data-widget_type=\"heading.default\">\n\t\t\t\t<div class=\"elementor-widget-container\">\n\t\t\t\t\t<h3 class=\"elementor-heading-title elementor-size-default\">Optiset instrumentit<\/h3>\t\t\t\t<\/div>\n\t\t\t\t<\/div>\n\t\t\t\t<div class=\"elementor-element elementor-element-dad6689 elementor-widget elementor-widget-text-editor\" data-id=\"dad6689\" data-element_type=\"widget\" data-widget_type=\"text-editor.default\">\n\t\t\t\t<div class=\"elementor-widget-container\">\n\t\t\t\t\t\t\t\t\t<p>STCNC on tarjonnut ty\u00f6st\u00f6palveluja laboratorio- ja teollisuusteleskooppeihin ja mikroskooppeihin yli 15 p\u00e4iv\u00e4n ajan.\u00a0<\/p>\t\t\t\t\t\t\t\t<\/div>\n\t\t\t\t<\/div>\n\t\t\t\t<div class=\"elementor-element elementor-element-9ba660c elementor-view-default elementor-widget elementor-widget-icon\" data-id=\"9ba660c\" data-element_type=\"widget\" data-widget_type=\"icon.default\">\n\t\t\t\t<div class=\"elementor-widget-container\">\n\t\t\t\t\t\t\t<div class=\"elementor-icon-wrapper\">\n\t\t\t<a class=\"elementor-icon\" href=\"https:\/\/stcncmachining.com\/fi\/industries\/optical-instruments\/\">\n\t\t\t<i aria-hidden=\"true\" class=\"fas fa-arrow-right\"><\/i>\t\t\t<\/a>\n\t\t<\/div>\n\t\t\t\t\t\t<\/div>\n\t\t\t\t<\/div>\n\t\t\t\t\t<\/div>\n\t\t<\/div>\n\t\t\t\t<div class=\"elementor-column elementor-col-33 elementor-inner-column elementor-element elementor-element-7271c0b\" data-id=\"7271c0b\" data-element_type=\"column\">\n\t\t\t<div class=\"elementor-widget-wrap\">\n\t\t\t\t\t\t\t<\/div>\n\t\t<\/div>\n\t\t\t\t\t<\/div>\n\t\t<\/section>\n\t\t\t\t\t<\/div>\n\t\t<\/div>\n\t\t\t\t\t<\/div>\n\t\t<\/section>\n\t\t\t\t<\/div>","protected":false},"excerpt":{"rendered":"<p>Industries We Served STCNC offers a full range of Machining solutions for various industries and is committed to providing customers with high-quality, tight tolerance, and affordable custom parts. Aeropspace STCNC manufactures plastic and metal components of planes that meet aerospace industry standards. Medical Devices STCNC has rich experience in the CNC Machining of Medical components, [&hellip;]<\/p>","protected":false},"author":1,"featured_media":0,"parent":0,"menu_order":0,"comment_status":"closed","ping_status":"closed","template":"","meta":{"footnotes":""},"class_list":["post-103","page","type-page","status-publish","hentry"],"_links":{"self":[{"href":"https:\/\/stcncmachining.com\/fi\/wp-json\/wp\/v2\/pages\/103","targetHints":{"allow":["GET"]}}],"collection":[{"href":"https:\/\/stcncmachining.com\/fi\/wp-json\/wp\/v2\/pages"}],"about":[{"href":"https:\/\/stcncmachining.com\/fi\/wp-json\/wp\/v2\/types\/page"}],"author":[{"embeddable":true,"href":"https:\/\/stcncmachining.com\/fi\/wp-json\/wp\/v2\/users\/1"}],"replies":[{"embeddable":true,"href":"https:\/\/stcncmachining.com\/fi\/wp-json\/wp\/v2\/comments?post=103"}],"version-history":[{"count":128,"href":"https:\/\/stcncmachining.com\/fi\/wp-json\/wp\/v2\/pages\/103\/revisions"}],"predecessor-version":[{"id":9919,"href":"https:\/\/stcncmachining.com\/fi\/wp-json\/wp\/v2\/pages\/103\/revisions\/9919"}],"wp:attachment":[{"href":"https:\/\/stcncmachining.com\/fi\/wp-json\/wp\/v2\/media?parent=103"}],"curies":[{"name":"wp","href":"https:\/\/api.w.org\/{rel}","templated":true}]}}