{"id":103,"date":"2022-12-14T12:29:38","date_gmt":"2022-12-14T12:29:38","guid":{"rendered":"https:\/\/stcncmachining.com\/?page_id=103"},"modified":"2023-03-29T07:33:11","modified_gmt":"2023-03-29T07:33:11","slug":"industries","status":"publish","type":"page","link":"https:\/\/stcncmachining.com\/sk_sk\/industries\/","title":{"rendered":"Odvetvia"},"content":{"rendered":"<div data-elementor-type=\"wp-page\" data-elementor-id=\"103\" class=\"elementor elementor-103\" data-elementor-post-type=\"page\">\n\t\t\t\t\t\t<section class=\"elementor-section elementor-top-section elementor-element elementor-element-1b69931d elementor-section-boxed elementor-section-height-default elementor-section-height-default\" data-id=\"1b69931d\" data-element_type=\"section\" data-e-type=\"section\" data-settings=\"{&quot;background_background&quot;:&quot;classic&quot;}\">\n\t\t\t\t\t\t\t<div class=\"elementor-background-overlay\"><\/div>\n\t\t\t\t\t\t\t<div class=\"elementor-container elementor-column-gap-default\">\n\t\t\t\t\t<div class=\"elementor-column elementor-col-100 elementor-top-column elementor-element elementor-element-4f5800e7\" data-id=\"4f5800e7\" data-element_type=\"column\" data-e-type=\"column\">\n\t\t\t<div class=\"elementor-widget-wrap elementor-element-populated\">\n\t\t\t\t\t\t<div class=\"elementor-element elementor-element-76283d6f elementor-widget elementor-widget-heading\" data-id=\"76283d6f\" data-element_type=\"widget\" data-e-type=\"widget\" data-widget_type=\"heading.default\">\n\t\t\t\t<div class=\"elementor-widget-container\">\n\t\t\t\t\t<h1 class=\"elementor-heading-title elementor-size-default\">Odvetvia, ktor\u00fdm sme poskytovali slu\u017eby<\/h1>\t\t\t\t<\/div>\n\t\t\t\t<\/div>\n\t\t\t\t<section class=\"elementor-section elementor-inner-section elementor-element elementor-element-3f932dc4 elementor-section-boxed elementor-section-height-default elementor-section-height-default\" data-id=\"3f932dc4\" data-element_type=\"section\" data-e-type=\"section\">\n\t\t\t\t\t\t<div class=\"elementor-container elementor-column-gap-default\">\n\t\t\t\t\t<div class=\"elementor-column elementor-col-100 elementor-inner-column elementor-element elementor-element-640cb622\" data-id=\"640cb622\" data-element_type=\"column\" data-e-type=\"column\">\n\t\t\t<div class=\"elementor-widget-wrap elementor-element-populated\">\n\t\t\t\t\t\t<div class=\"elementor-element elementor-element-219ba26b elementor-widget elementor-widget-text-editor\" data-id=\"219ba26b\" data-element_type=\"widget\" data-e-type=\"widget\" data-widget_type=\"text-editor.default\">\n\t\t\t\t<div class=\"elementor-widget-container\">\n\t\t\t\t\t\t\t\t\t<p>Spolo\u010dnos\u0165 STCNC pon\u00faka cel\u00fd rad rie\u0161en\u00ed obr\u00e1bania pre r\u00f4zne priemyseln\u00e9 odvetvia a zav\u00e4zuje sa poskytova\u0165 z\u00e1kazn\u00edkom vysokokvalitn\u00e9, pr\u00edsne toleran\u010dn\u00e9 a cenovo dostupn\u00e9 z\u00e1kazkov\u00e9 diely.<\/p>\t\t\t\t\t\t\t\t<\/div>\n\t\t\t\t<\/div>\n\t\t\t\t\t<\/div>\n\t\t<\/div>\n\t\t\t\t\t<\/div>\n\t\t<\/section>\n\t\t\t\t\t<\/div>\n\t\t<\/div>\n\t\t\t\t\t<\/div>\n\t\t<\/section>\n\t\t\t\t<section class=\"elementor-section elementor-top-section elementor-element elementor-element-55d33b4 elementor-section-boxed elementor-section-height-default elementor-section-height-default\" data-id=\"55d33b4\" data-element_type=\"section\" data-e-type=\"section\">\n\t\t\t\t\t\t<div class=\"elementor-container elementor-column-gap-default\">\n\t\t\t\t\t<div class=\"elementor-column elementor-col-100 elementor-top-column elementor-element elementor-element-cea6588\" data-id=\"cea6588\" data-element_type=\"column\" data-e-type=\"column\">\n\t\t\t<div class=\"elementor-widget-wrap elementor-element-populated\">\n\t\t\t\t\t\t<section class=\"elementor-section elementor-inner-section elementor-element elementor-element-c8358ae elementor-section-boxed elementor-section-height-default elementor-section-height-default\" data-id=\"c8358ae\" data-element_type=\"section\" data-e-type=\"section\">\n\t\t\t\t\t\t<div class=\"elementor-container elementor-column-gap-default\">\n\t\t\t\t\t<div class=\"elementor-column elementor-col-33 elementor-inner-column elementor-element elementor-element-9850154\" data-id=\"9850154\" data-element_type=\"column\" data-e-type=\"column\">\n\t\t\t<div class=\"elementor-widget-wrap elementor-element-populated\">\n\t\t\t\t\t\t<div class=\"elementor-element elementor-element-bdc2416 elementor-widget elementor-widget-image\" data-id=\"bdc2416\" data-element_type=\"widget\" data-e-type=\"widget\" data-widget_type=\"image.default\">\n\t\t\t\t<div class=\"elementor-widget-container\">\n\t\t\t\t\t\t\t\t\t\t\t\t\t\t\t<img fetchpriority=\"high\" decoding=\"async\" width=\"500\" height=\"400\" src=\"https:\/\/stcncmachining.com\/wp-content\/uploads\/2023\/02\/Aerospace-Industries.jpg\" class=\"attachment-large size-large wp-image-8183\" alt=\"\" srcset=\"https:\/\/stcncmachining.com\/wp-content\/uploads\/2023\/02\/Aerospace-Industries.jpg 500w, https:\/\/stcncmachining.com\/wp-content\/uploads\/2023\/02\/Aerospace-Industries-300x240.jpg 300w\" sizes=\"(max-width: 500px) 100vw, 500px\" \/>\t\t\t\t\t\t\t\t\t\t\t\t\t\t\t<\/div>\n\t\t\t\t<\/div>\n\t\t\t\t<div class=\"elementor-element elementor-element-6c3bc8c elementor-widget elementor-widget-heading\" data-id=\"6c3bc8c\" data-element_type=\"widget\" data-e-type=\"widget\" data-widget_type=\"heading.default\">\n\t\t\t\t<div class=\"elementor-widget-container\">\n\t\t\t\t\t<h3 class=\"elementor-heading-title elementor-size-default\">Aeropspace<\/h3>\t\t\t\t<\/div>\n\t\t\t\t<\/div>\n\t\t\t\t<div class=\"elementor-element elementor-element-9efc2fe elementor-widget elementor-widget-text-editor\" data-id=\"9efc2fe\" data-element_type=\"widget\" data-e-type=\"widget\" data-widget_type=\"text-editor.default\">\n\t\t\t\t<div class=\"elementor-widget-container\">\n\t\t\t\t\t\t\t\t\t<p>STCNC vyr\u00e1ba plastov\u00e9 a kovov\u00e9 komponenty lietadiel, ktor\u00e9 sp\u013a\u0148aj\u00fa normy leteck\u00e9ho priemyslu.<\/p>\t\t\t\t\t\t\t\t<\/div>\n\t\t\t\t<\/div>\n\t\t\t\t<div class=\"elementor-element elementor-element-256b365 elementor-view-default elementor-widget elementor-widget-icon\" data-id=\"256b365\" data-element_type=\"widget\" data-e-type=\"widget\" data-widget_type=\"icon.default\">\n\t\t\t\t<div class=\"elementor-widget-container\">\n\t\t\t\t\t\t\t<div class=\"elementor-icon-wrapper\">\n\t\t\t<a class=\"elementor-icon\" href=\"https:\/\/stcncmachining.com\/sk_sk\/industries\/aerospace\/\">\n\t\t\t<i aria-hidden=\"true\" class=\"fas fa-arrow-right\"><\/i>\t\t\t<\/a>\n\t\t<\/div>\n\t\t\t\t\t\t<\/div>\n\t\t\t\t<\/div>\n\t\t\t\t\t<\/div>\n\t\t<\/div>\n\t\t\t\t<div class=\"elementor-column elementor-col-33 elementor-inner-column elementor-element elementor-element-9fe1e1b\" data-id=\"9fe1e1b\" data-element_type=\"column\" data-e-type=\"column\">\n\t\t\t<div class=\"elementor-widget-wrap elementor-element-populated\">\n\t\t\t\t\t\t<div class=\"elementor-element elementor-element-21b1784 elementor-widget elementor-widget-image\" data-id=\"21b1784\" data-element_type=\"widget\" data-e-type=\"widget\" data-widget_type=\"image.default\">\n\t\t\t\t<div class=\"elementor-widget-container\">\n\t\t\t\t\t\t\t\t\t\t\t\t\t\t\t<img decoding=\"async\" width=\"500\" height=\"400\" src=\"https:\/\/stcncmachining.com\/wp-content\/uploads\/2023\/02\/Medical-Devices.jpg\" class=\"attachment-large size-large wp-image-8188\" alt=\"\" srcset=\"https:\/\/stcncmachining.com\/wp-content\/uploads\/2023\/02\/Medical-Devices.jpg 500w, https:\/\/stcncmachining.com\/wp-content\/uploads\/2023\/02\/Medical-Devices-300x240.jpg 300w\" sizes=\"(max-width: 500px) 100vw, 500px\" \/>\t\t\t\t\t\t\t\t\t\t\t\t\t\t\t<\/div>\n\t\t\t\t<\/div>\n\t\t\t\t<div class=\"elementor-element elementor-element-aeffae2 elementor-widget elementor-widget-heading\" data-id=\"aeffae2\" data-element_type=\"widget\" data-e-type=\"widget\" data-widget_type=\"heading.default\">\n\t\t\t\t<div class=\"elementor-widget-container\">\n\t\t\t\t\t<h3 class=\"elementor-heading-title elementor-size-default\">Zdravotn\u00edcke pom\u00f4cky<\/h3>\t\t\t\t<\/div>\n\t\t\t\t<\/div>\n\t\t\t\t<div class=\"elementor-element elementor-element-b2218e7 elementor-widget elementor-widget-text-editor\" data-id=\"b2218e7\" data-element_type=\"widget\" data-e-type=\"widget\" data-widget_type=\"text-editor.default\">\n\t\t\t\t<div class=\"elementor-widget-container\">\n\t\t\t\t\t\t\t\t\t<p>Spolo\u010dnos\u0165 STCNC m\u00e1 bohat\u00e9 sk\u00fasenosti s CNC obr\u00e1ban\u00edm zdravotn\u00edckych komponentov, od mal\u00fdch presn\u00fdch dielov a\u017e po kryty pr\u00edstrojov.<\/p>\t\t\t\t\t\t\t\t<\/div>\n\t\t\t\t<\/div>\n\t\t\t\t<div class=\"elementor-element elementor-element-410eeeb elementor-view-default elementor-widget elementor-widget-icon\" data-id=\"410eeeb\" data-element_type=\"widget\" data-e-type=\"widget\" data-widget_type=\"icon.default\">\n\t\t\t\t<div class=\"elementor-widget-container\">\n\t\t\t\t\t\t\t<div class=\"elementor-icon-wrapper\">\n\t\t\t<a class=\"elementor-icon\" href=\"https:\/\/stcncmachining.com\/sk_sk\/industries\/medical-devices\/\">\n\t\t\t<i aria-hidden=\"true\" class=\"fas fa-arrow-right\"><\/i>\t\t\t<\/a>\n\t\t<\/div>\n\t\t\t\t\t\t<\/div>\n\t\t\t\t<\/div>\n\t\t\t\t\t<\/div>\n\t\t<\/div>\n\t\t\t\t<div class=\"elementor-column elementor-col-33 elementor-inner-column elementor-element elementor-element-9638b46\" data-id=\"9638b46\" data-element_type=\"column\" data-e-type=\"column\">\n\t\t\t<div class=\"elementor-widget-wrap elementor-element-populated\">\n\t\t\t\t\t\t<div class=\"elementor-element elementor-element-0486d31 elementor-widget elementor-widget-image\" data-id=\"0486d31\" data-element_type=\"widget\" data-e-type=\"widget\" data-widget_type=\"image.default\">\n\t\t\t\t<div class=\"elementor-widget-container\">\n\t\t\t\t\t\t\t\t\t\t\t\t\t\t\t<img decoding=\"async\" width=\"500\" height=\"400\" src=\"https:\/\/stcncmachining.com\/wp-content\/uploads\/2023\/02\/Automotive.jpg\" class=\"attachment-large size-large wp-image-8186\" alt=\"\" srcset=\"https:\/\/stcncmachining.com\/wp-content\/uploads\/2023\/02\/Automotive.jpg 500w, https:\/\/stcncmachining.com\/wp-content\/uploads\/2023\/02\/Automotive-300x240.jpg 300w\" sizes=\"(max-width: 500px) 100vw, 500px\" \/>\t\t\t\t\t\t\t\t\t\t\t\t\t\t\t<\/div>\n\t\t\t\t<\/div>\n\t\t\t\t<div class=\"elementor-element elementor-element-6000cfe elementor-widget elementor-widget-heading\" data-id=\"6000cfe\" data-element_type=\"widget\" data-e-type=\"widget\" data-widget_type=\"heading.default\">\n\t\t\t\t<div class=\"elementor-widget-container\">\n\t\t\t\t\t<h3 class=\"elementor-heading-title elementor-size-default\">Automobilov\u00fd priemysel<\/h3>\t\t\t\t<\/div>\n\t\t\t\t<\/div>\n\t\t\t\t<div class=\"elementor-element elementor-element-2aae509 elementor-widget elementor-widget-text-editor\" data-id=\"2aae509\" data-element_type=\"widget\" data-e-type=\"widget\" data-widget_type=\"text-editor.default\">\n\t\t\t\t<div class=\"elementor-widget-container\">\n\t\t\t\t\t\t\t\t\t<p>Automobilov\u00e9 s\u00fa\u010diastky s\u00fa jednou z hlavn\u00fdch \u010dinnost\u00ed spolo\u010dnosti STCNC, ktor\u00e1 sa spolieha na svoje technick\u00e9 sk\u00fasenosti a syst\u00e9my riadenia kvality.<\/p>\t\t\t\t\t\t\t\t<\/div>\n\t\t\t\t<\/div>\n\t\t\t\t<div class=\"elementor-element elementor-element-d9b305c elementor-view-default elementor-widget elementor-widget-icon\" data-id=\"d9b305c\" data-element_type=\"widget\" data-e-type=\"widget\" data-widget_type=\"icon.default\">\n\t\t\t\t<div class=\"elementor-widget-container\">\n\t\t\t\t\t\t\t<div class=\"elementor-icon-wrapper\">\n\t\t\t<a class=\"elementor-icon\" href=\"https:\/\/stcncmachining.com\/sk_sk\/industries\/automotive\/\">\n\t\t\t<i aria-hidden=\"true\" class=\"fas fa-arrow-right\"><\/i>\t\t\t<\/a>\n\t\t<\/div>\n\t\t\t\t\t\t<\/div>\n\t\t\t\t<\/div>\n\t\t\t\t\t<\/div>\n\t\t<\/div>\n\t\t\t\t\t<\/div>\n\t\t<\/section>\n\t\t\t\t<section class=\"elementor-section elementor-inner-section elementor-element elementor-element-ad5787c elementor-section-boxed elementor-section-height-default elementor-section-height-default\" data-id=\"ad5787c\" data-element_type=\"section\" data-e-type=\"section\">\n\t\t\t\t\t\t<div class=\"elementor-container elementor-column-gap-default\">\n\t\t\t\t\t<div class=\"elementor-column elementor-col-33 elementor-inner-column elementor-element elementor-element-a9b33e9\" data-id=\"a9b33e9\" data-element_type=\"column\" data-e-type=\"column\">\n\t\t\t<div class=\"elementor-widget-wrap elementor-element-populated\">\n\t\t\t\t\t\t<div class=\"elementor-element elementor-element-98ae822 elementor-widget elementor-widget-image\" data-id=\"98ae822\" data-element_type=\"widget\" data-e-type=\"widget\" data-widget_type=\"image.default\">\n\t\t\t\t<div class=\"elementor-widget-container\">\n\t\t\t\t\t\t\t\t\t\t\t\t\t\t\t<img loading=\"lazy\" decoding=\"async\" width=\"500\" height=\"400\" src=\"https:\/\/stcncmachining.com\/wp-content\/uploads\/2023\/02\/Electronic-Parts.jpg\" class=\"attachment-large size-large wp-image-8187\" alt=\"\" srcset=\"https:\/\/stcncmachining.com\/wp-content\/uploads\/2023\/02\/Electronic-Parts.jpg 500w, https:\/\/stcncmachining.com\/wp-content\/uploads\/2023\/02\/Electronic-Parts-300x240.jpg 300w\" sizes=\"(max-width: 500px) 100vw, 500px\" \/>\t\t\t\t\t\t\t\t\t\t\t\t\t\t\t<\/div>\n\t\t\t\t<\/div>\n\t\t\t\t<div class=\"elementor-element elementor-element-b5113b0 elementor-widget elementor-widget-heading\" data-id=\"b5113b0\" data-element_type=\"widget\" data-e-type=\"widget\" data-widget_type=\"heading.default\">\n\t\t\t\t<div class=\"elementor-widget-container\">\n\t\t\t\t\t<h3 class=\"elementor-heading-title elementor-size-default\">Spotrebn\u00fd tovar<\/h3>\t\t\t\t<\/div>\n\t\t\t\t<\/div>\n\t\t\t\t<div class=\"elementor-element elementor-element-2cdd5c0 elementor-widget elementor-widget-text-editor\" data-id=\"2cdd5c0\" data-element_type=\"widget\" data-e-type=\"widget\" data-widget_type=\"text-editor.default\">\n\t\t\t\t<div class=\"elementor-widget-container\">\n\t\t\t\t\t\t\t\t\t<p>STCNC vyr\u00e1ba r\u00f4zne komponenty pre spotrebn\u00e9 v\u00fdrobky, napr. kamery, akustick\u00e9 zariadenia, LED lampy a in\u00e9 pr\u00edslu\u0161enstvo spotrebnej elektroniky, od 1 sady prototypov a\u017e po viac ako 10 000 kusov.<\/p>\t\t\t\t\t\t\t\t<\/div>\n\t\t\t\t<\/div>\n\t\t\t\t<div class=\"elementor-element elementor-element-3519955 elementor-view-default elementor-widget elementor-widget-icon\" data-id=\"3519955\" data-element_type=\"widget\" data-e-type=\"widget\" data-widget_type=\"icon.default\">\n\t\t\t\t<div class=\"elementor-widget-container\">\n\t\t\t\t\t\t\t<div class=\"elementor-icon-wrapper\">\n\t\t\t<a class=\"elementor-icon\" href=\"https:\/\/stcncmachining.com\/sk_sk\/industries\/consumer-goods\/\">\n\t\t\t<i aria-hidden=\"true\" class=\"fas fa-arrow-right\"><\/i>\t\t\t<\/a>\n\t\t<\/div>\n\t\t\t\t\t\t<\/div>\n\t\t\t\t<\/div>\n\t\t\t\t\t<\/div>\n\t\t<\/div>\n\t\t\t\t<div class=\"elementor-column elementor-col-33 elementor-inner-column elementor-element elementor-element-51bcbc4\" data-id=\"51bcbc4\" data-element_type=\"column\" data-e-type=\"column\">\n\t\t\t<div class=\"elementor-widget-wrap elementor-element-populated\">\n\t\t\t\t\t\t<div class=\"elementor-element elementor-element-b202a29 elementor-widget elementor-widget-image\" data-id=\"b202a29\" data-element_type=\"widget\" data-e-type=\"widget\" data-widget_type=\"image.default\">\n\t\t\t\t<div class=\"elementor-widget-container\">\n\t\t\t\t\t\t\t\t\t\t\t\t\t\t\t<img loading=\"lazy\" decoding=\"async\" width=\"500\" height=\"400\" src=\"https:\/\/stcncmachining.com\/wp-content\/uploads\/2023\/02\/Optical-Instruments-02.jpg\" class=\"attachment-large size-large wp-image-8189\" alt=\"\" srcset=\"https:\/\/stcncmachining.com\/wp-content\/uploads\/2023\/02\/Optical-Instruments-02.jpg 500w, https:\/\/stcncmachining.com\/wp-content\/uploads\/2023\/02\/Optical-Instruments-02-300x240.jpg 300w\" sizes=\"(max-width: 500px) 100vw, 500px\" \/>\t\t\t\t\t\t\t\t\t\t\t\t\t\t\t<\/div>\n\t\t\t\t<\/div>\n\t\t\t\t<div class=\"elementor-element elementor-element-271b658 elementor-widget elementor-widget-heading\" data-id=\"271b658\" data-element_type=\"widget\" data-e-type=\"widget\" data-widget_type=\"heading.default\">\n\t\t\t\t<div class=\"elementor-widget-container\">\n\t\t\t\t\t<h3 class=\"elementor-heading-title elementor-size-default\">Optick\u00e9 pr\u00edstroje<\/h3>\t\t\t\t<\/div>\n\t\t\t\t<\/div>\n\t\t\t\t<div class=\"elementor-element elementor-element-dad6689 elementor-widget elementor-widget-text-editor\" data-id=\"dad6689\" data-element_type=\"widget\" data-e-type=\"widget\" data-widget_type=\"text-editor.default\">\n\t\t\t\t<div class=\"elementor-widget-container\">\n\t\t\t\t\t\t\t\t\t<p>Spolo\u010dnos\u0165 STCNC poskytuje slu\u017eby obr\u00e1bania laborat\u00f3rnych a priemyseln\u00fdch teleskopov a mikroskopov u\u017e viac ako 15 dn\u00ed.\u00a0<\/p>\t\t\t\t\t\t\t\t<\/div>\n\t\t\t\t<\/div>\n\t\t\t\t<div class=\"elementor-element elementor-element-9ba660c elementor-view-default elementor-widget elementor-widget-icon\" data-id=\"9ba660c\" data-element_type=\"widget\" data-e-type=\"widget\" data-widget_type=\"icon.default\">\n\t\t\t\t<div class=\"elementor-widget-container\">\n\t\t\t\t\t\t\t<div class=\"elementor-icon-wrapper\">\n\t\t\t<a class=\"elementor-icon\" href=\"https:\/\/stcncmachining.com\/sk_sk\/industries\/optical-instruments\/\">\n\t\t\t<i aria-hidden=\"true\" class=\"fas fa-arrow-right\"><\/i>\t\t\t<\/a>\n\t\t<\/div>\n\t\t\t\t\t\t<\/div>\n\t\t\t\t<\/div>\n\t\t\t\t\t<\/div>\n\t\t<\/div>\n\t\t\t\t<div class=\"elementor-column elementor-col-33 elementor-inner-column elementor-element elementor-element-7271c0b\" data-id=\"7271c0b\" data-element_type=\"column\" data-e-type=\"column\">\n\t\t\t<div class=\"elementor-widget-wrap\">\n\t\t\t\t\t\t\t<\/div>\n\t\t<\/div>\n\t\t\t\t\t<\/div>\n\t\t<\/section>\n\t\t\t\t\t<\/div>\n\t\t<\/div>\n\t\t\t\t\t<\/div>\n\t\t<\/section>\n\t\t\t\t<\/div>","protected":false},"excerpt":{"rendered":"<p>Industries We Served STCNC offers a full range of Machining solutions for various industries and is committed to providing customers with high-quality, tight tolerance, and affordable custom parts. Aeropspace STCNC manufactures plastic and metal components of planes that meet aerospace industry standards. Medical Devices STCNC has rich experience in the CNC Machining of Medical components, [&hellip;]<\/p>","protected":false},"author":1,"featured_media":0,"parent":0,"menu_order":0,"comment_status":"closed","ping_status":"closed","template":"","meta":{"footnotes":""},"class_list":["post-103","page","type-page","status-publish","hentry"],"_links":{"self":[{"href":"https:\/\/stcncmachining.com\/sk_sk\/wp-json\/wp\/v2\/pages\/103","targetHints":{"allow":["GET"]}}],"collection":[{"href":"https:\/\/stcncmachining.com\/sk_sk\/wp-json\/wp\/v2\/pages"}],"about":[{"href":"https:\/\/stcncmachining.com\/sk_sk\/wp-json\/wp\/v2\/types\/page"}],"author":[{"embeddable":true,"href":"https:\/\/stcncmachining.com\/sk_sk\/wp-json\/wp\/v2\/users\/1"}],"replies":[{"embeddable":true,"href":"https:\/\/stcncmachining.com\/sk_sk\/wp-json\/wp\/v2\/comments?post=103"}],"version-history":[{"count":128,"href":"https:\/\/stcncmachining.com\/sk_sk\/wp-json\/wp\/v2\/pages\/103\/revisions"}],"predecessor-version":[{"id":9919,"href":"https:\/\/stcncmachining.com\/sk_sk\/wp-json\/wp\/v2\/pages\/103\/revisions\/9919"}],"wp:attachment":[{"href":"https:\/\/stcncmachining.com\/sk_sk\/wp-json\/wp\/v2\/media?parent=103"}],"curies":[{"name":"wp","href":"https:\/\/api.w.org\/{rel}","templated":true}]}}